{"id":480,"date":"2026-03-10T19:29:39","date_gmt":"2026-03-10T19:29:39","guid":{"rendered":"https:\/\/sadol.ar\/?page_id=480"},"modified":"2026-03-10T20:21:55","modified_gmt":"2026-03-10T20:21:55","slug":"comision","status":"publish","type":"page","link":"https:\/\/sadol.ar\/index.php\/comision\/","title":{"rendered":"Comisi\u00f3n"},"content":{"rendered":"\t\t<div data-elementor-type=\"wp-page\" data-elementor-id=\"480\" class=\"elementor elementor-480\" data-elementor-post-type=\"page\">\n\t\t\t\t<div class=\"elementor-element elementor-element-c304113 e-con-full e-flex e-con e-parent\" data-id=\"c304113\" data-element_type=\"container\">\n\t\t<div class=\"elementor-element elementor-element-851c7f7 e-con-full e-flex e-con e-child\" data-id=\"851c7f7\" data-element_type=\"container\">\n\t\t\t\t<\/div>\n\t\t<div class=\"elementor-element elementor-element-ab80ae5 e-con-full e-flex e-con e-child\" data-id=\"ab80ae5\" data-element_type=\"container\">\n\t\t\t\t<div class=\"elementor-element elementor-element-f547f06 elementor-grid-1 elementor-grid-tablet-2 elementor-grid-mobile-1 elementor-posts--thumbnail-top elementor-posts--show-avatar elementor-card-shadow-yes elementor-posts__hover-gradient elementor-widget elementor-widget-posts\" data-id=\"f547f06\" data-element_type=\"widget\" data-settings=\"{&quot;cards_columns&quot;:&quot;1&quot;,&quot;cards_columns_tablet&quot;:&quot;2&quot;,&quot;cards_columns_mobile&quot;:&quot;1&quot;,&quot;cards_row_gap&quot;:{&quot;unit&quot;:&quot;px&quot;,&quot;size&quot;:35,&quot;sizes&quot;:[]},&quot;cards_row_gap_tablet&quot;:{&quot;unit&quot;:&quot;px&quot;,&quot;size&quot;:&quot;&quot;,&quot;sizes&quot;:[]},&quot;cards_row_gap_mobile&quot;:{&quot;unit&quot;:&quot;px&quot;,&quot;size&quot;:&quot;&quot;,&quot;sizes&quot;:[]}}\" data-widget_type=\"posts.cards\">\n\t\t\t\t<div class=\"elementor-widget-container\">\n\t\t\t\t\t\t\t<div class=\"elementor-posts-container elementor-posts elementor-posts--skin-cards elementor-grid\">\n\t\t\t\t<article class=\"elementor-post elementor-grid-item post-351 post type-post status-publish format-standard hentry category-comision\">\n\t\t\t<div class=\"elementor-post__card\">\n\t\t\t\t<div class=\"elementor-post__text\">\n\t\t\t\t<h3 class=\"elementor-post__title\">\n\t\t\t<a href=\"https:\/\/sadol.ar\/index.php\/2025\/08\/22\/comision-directiva-2025-2027\/\" >\n\t\t\t\tComisi\u00f3n Directiva 2024-2026\t\t\t<\/a>\n\t\t<\/h3>\n\t\t\t\t<div class=\"elementor-post__excerpt\">\n\t\t\t<p>EMAIL DE CONTACTO: sadoloficial@gmail.com Od. Esp. Eugenia Orresta (Tucum\u00e1n) Presidente Dr. Esp. Carlos Marcelo Gonz\u00e1lez (La Rioja) Secretario General Presidencias Per\u00edodo 1977-1980 &#8211; Prof. M\u00e9d. Esp. Oscar Gervasio S\u00e1nchez (Santa Fe) Per\u00edodo 1981-2004 &#8211; Sin Presidencia Per\u00edodo 2005-2008 &#8211; Od. Esp. Carlos Marcelo Gonz\u00e1lez (La Rioja) Per\u00edodo 2009-2011 &#8211; Od. Esp. Carlos Marcelo Gonz\u00e1lez (La Rioja) Per\u00edodo 2012-2014 &#8211; Od. Esp. Oscar Heit (Entre R\u00edos) Per\u00edodo 2015-2017 &#8211; Od. Esp. Mar\u00eda Isabel Ferrari (Tucum\u00e1n) Per\u00edodo 2018-2020 &#8211; Od. Esp. Pablo Medina (Salta) Per\u00edodo 2021-2023 &#8211; Od. Esp. Marta Maldonado (Buenos Aires) Un poco de historia. Los Fundadores y el comit\u00e9 directivo del a\u00f1o 1977 Prof. Dr. Oscar S\u00e1nchez (Rosario) &#8211; Presidente Prof. Dr. Mu\u00f1oz E. (Corrientes) &#8211; Vice-Presidente Dra. Di Boscio MC. (Rosario) &#8211; Secretaria Dra. Benedetto IB. (Rosario) &#8211; Tesorera Dr. Evaristo Carriego (Buenos Aires) &#8211; Vocal Prof. Dr. Ceppi HJ. (C\u00f3rdoba) &#8211; Vocal Prof. Dr. Fuccini TC. (La Plata) &#8211; Vocal Prof. Dr. Rocco HFV. (Buenos Aires) &#8211; Vocal Prof. Dra. Fern\u00e1ndez CN. (Tucum\u00e1n) &#8211; Vocal Presidentes Honorarios Dr. Oscar Gervasio S\u00e1nchez&nbsp;(\u03ef) &#8211; Santa Fe Prof. Dra. Mar\u00eda Cristina Fern\u00e1ndez (\u03ef) &#8211; Tucum\u00e1n Prof. Dra. \u00c9lida Norma Bri\u00f1\u00f3n (\u03ef) &#8211; Buenos Aires Prof. Dr. H\u00e9ctor Jos\u00e9 Ceppi &#8211; C\u00f3rdoba Prof. Dra. Rosario Reynoso \u00c1lvarez&nbsp;(\u03ef) &#8211; C\u00f3rdoba Prof. Dr. Roberto Rivarola (\u03ef) &#8211; Corrientes Prof. Dra. Susana Font\u00e1n (\u03ef) &#8211; C\u00f3rdoba<\/p>\n\t\t<\/div>\n\t\t\n\t\t<a class=\"elementor-post__read-more\" href=\"https:\/\/sadol.ar\/index.php\/2025\/08\/22\/comision-directiva-2025-2027\/\" aria-label=\"Read more about Comisi\u00f3n Directiva 2024-2026\" tabindex=\"-1\" >\n\t\t\tVer + \u00bb\t\t<\/a>\n\n\t\t\t\t<\/div>\n\t\t\t\t\t<\/div>\n\t\t<\/article>\n\t\t\t\t<\/div>\n\t\t\n\t\t\t\t\t\t<\/div>\n\t\t\t\t<\/div>\n\t\t\t\t<\/div>\n\t\t<div class=\"elementor-element elementor-element-4f19715 e-con-full e-flex e-con e-child\" data-id=\"4f19715\" data-element_type=\"container\">\n\t\t\t\t<\/div>\n\t\t\t\t<\/div>\n\t\t\t\t<\/div>\n\t\t","protected":false},"excerpt":{"rendered":"","protected":false},"author":1,"featured_media":0,"parent":0,"menu_order":0,"comment_status":"closed","ping_status":"closed","template":"elementor_header_footer","meta":{"footnotes":""},"class_list":["post-480","page","type-page","status-publish","hentry"],"_links":{"self":[{"href":"https:\/\/sadol.ar\/index.php\/wp-json\/wp\/v2\/pages\/480","targetHints":{"allow":["GET"]}}],"collection":[{"href":"https:\/\/sadol.ar\/index.php\/wp-json\/wp\/v2\/pages"}],"about":[{"href":"https:\/\/sadol.ar\/index.php\/wp-json\/wp\/v2\/types\/page"}],"author":[{"embeddable":true,"href":"https:\/\/sadol.ar\/index.php\/wp-json\/wp\/v2\/users\/1"}],"replies":[{"embeddable":true,"href":"https:\/\/sadol.ar\/index.php\/wp-json\/wp\/v2\/comments?post=480"}],"version-history":[{"count":10,"href":"https:\/\/sadol.ar\/index.php\/wp-json\/wp\/v2\/pages\/480\/revisions"}],"predecessor-version":[{"id":522,"href":"https:\/\/sadol.ar\/index.php\/wp-json\/wp\/v2\/pages\/480\/revisions\/522"}],"wp:attachment":[{"href":"https:\/\/sadol.ar\/index.php\/wp-json\/wp\/v2\/media?parent=480"}],"curies":[{"name":"wp","href":"https:\/\/api.w.org\/{rel}","templated":true}]}}