{"id":477,"date":"2026-03-10T19:28:38","date_gmt":"2026-03-10T19:28:38","guid":{"rendered":"https:\/\/sadol.ar\/?page_id=477"},"modified":"2026-03-10T20:21:12","modified_gmt":"2026-03-10T20:21:12","slug":"objetivos","status":"publish","type":"page","link":"https:\/\/sadol.ar\/index.php\/objetivos\/","title":{"rendered":"Objetivos"},"content":{"rendered":"\t\t<div data-elementor-type=\"wp-page\" data-elementor-id=\"477\" class=\"elementor elementor-477\" data-elementor-post-type=\"page\">\n\t\t\t\t<div class=\"elementor-element elementor-element-6fd3eb8 e-con-full e-flex e-con e-parent\" data-id=\"6fd3eb8\" data-element_type=\"container\">\n\t\t<div class=\"elementor-element elementor-element-807a73a e-con-full e-flex e-con e-child\" data-id=\"807a73a\" data-element_type=\"container\">\n\t\t\t\t<\/div>\n\t\t<div class=\"elementor-element elementor-element-5ca67d6 e-con-full e-flex e-con e-child\" data-id=\"5ca67d6\" data-element_type=\"container\">\n\t\t\t\t<div class=\"elementor-element elementor-element-d0edec1 elementor-grid-1 elementor-grid-tablet-2 elementor-grid-mobile-1 elementor-posts--thumbnail-top elementor-widget elementor-widget-posts\" data-id=\"d0edec1\" data-element_type=\"widget\" data-settings=\"{&quot;classic_columns&quot;:&quot;1&quot;,&quot;classic_columns_tablet&quot;:&quot;2&quot;,&quot;classic_columns_mobile&quot;:&quot;1&quot;,&quot;classic_row_gap&quot;:{&quot;unit&quot;:&quot;px&quot;,&quot;size&quot;:35,&quot;sizes&quot;:[]},&quot;classic_row_gap_tablet&quot;:{&quot;unit&quot;:&quot;px&quot;,&quot;size&quot;:&quot;&quot;,&quot;sizes&quot;:[]},&quot;classic_row_gap_mobile&quot;:{&quot;unit&quot;:&quot;px&quot;,&quot;size&quot;:&quot;&quot;,&quot;sizes&quot;:[]}}\" data-widget_type=\"posts.classic\">\n\t\t\t\t<div class=\"elementor-widget-container\">\n\t\t\t\t\t\t\t<div class=\"elementor-posts-container elementor-posts elementor-posts--skin-classic elementor-grid\">\n\t\t\t\t<article class=\"elementor-post elementor-grid-item post-357 post type-post status-publish format-standard hentry category-objetivos\">\n\t\t\t\t<div class=\"elementor-post__text\">\n\t\t\t\t<h3 class=\"elementor-post__title\">\n\t\t\t<a href=\"https:\/\/sadol.ar\/index.php\/2025\/08\/22\/objetivos-y-finalidad-de-sadol\/\" >\n\t\t\t\tObjetivos y finalidad de SADOL\t\t\t<\/a>\n\t\t<\/h3>\n\t\t\t\t<div class=\"elementor-post__excerpt\">\n\t\t\t<p>\u00bfQu\u00e9 es la Odontolog\u00eda Legal? \u00a8No se trata de una ciencia; es el conjunto de conocimientos que la Odontolog\u00eda y las dem\u00e1s ciencias proporcionan para interpretar hechos o circunstancias que la aplicaci\u00f3n de la justicia requiere y que a la sociedad beneficia\u00a8 (GNECCO, 1921). Trata sobre \u00a8&#8230;la aplicaci\u00f3n de los conocimientos odontol\u00f3gicos al servicio de la justicia y a la elaboraci\u00f3n de leyes correlativas a su especialidad\u00a8 (BELTRAN, 1932). \u00a8Las pericias odont\u00f3logo-legales revisten una importancia mayor que las habituales de orden m\u00e9dico-legal y policiales porque pueden realizarse en el estrecho margen que dan los dientes, naturales, obturados, artificiales, etc., los maxilares &#8211; maxilares y mand\u00edbula &#8211; en la identificaci\u00f3n de las cabezas de personas decapitadas, carbonizadas y a\u00fan incineradas\u00a8; \u00a8Ofrece los recursos cient\u00edficos necesarios para colaborar con la Justicia en una forma pr\u00e1ctica y efectiva en los problemas tendientes a la determinaci\u00f3n del sexo, raza, edad, talla de los restos humanos, as\u00ed como de su antig\u00fcedad\u00a8 (CARREA, 1937). \u00a8La Odontolog\u00eda Legal es la aplicaci\u00f3n en amplitud, de los conocimientos odontol\u00f3gicos al servicio de la Justicia, para la identificaci\u00f3n y esclarecimiento de las cuestiones judiciales y jur\u00eddicas, con incidencia odontol\u00f3gica\u00a8; \u00a8Es una ciencia de aplicaci\u00f3n&#8230;As\u00ed intervienen en ella la F\u00edsica, Qu\u00edmica, Biolog\u00eda, Anatom\u00eda, Historia, Fisiolog\u00eda, Anatom\u00eda Patol\u00f3gica, Antropolog\u00eda (osteometr\u00eda y craneometr\u00eda), Microbiolog\u00eda, Patolog\u00eda, Terap\u00e9utica, Neurolog\u00eda, Farmacolog\u00eda e Higiene, Cl\u00ednica, Psiquiatr\u00eda, Derecho, Deontolog\u00eda profesional, etc. Da una orientaci\u00f3n legal a los conocimientos odontol\u00f3gicos adquiridos para coadyuvar con la finalidad de la instrucci\u00f3n legal: la identidad y la responsabilidad del da\u00f1o criminal o legal\u00a8 (LERMAN, 1974). Es \u00a8\u2026una rama de la ciencia odontol\u00f3gica, que es la aplicaci\u00f3n de los conocimientos odontol\u00f3gicos a los problemas legales o derivados del legislar, capaz de hacer sus propias evaluaciones\u2026\u00a8 (BRI\u00d1ON, 1982). En analog\u00eda al concepto de Bonnet para la Medicina Legal, la Odontolog\u00eda Legal: \u00a8es la especialidad de las especialidades\u00a8, ya que cada materia que integra las diferentes disciplinas de la Odontolog\u00eda, presenta, sin excepci\u00f3n, aspectos odontol\u00f3gico-legales (BONNET, 1984)<\/p>\n\t\t<\/div>\n\t\t\n\t\t<a class=\"elementor-post__read-more\" href=\"https:\/\/sadol.ar\/index.php\/2025\/08\/22\/objetivos-y-finalidad-de-sadol\/\" aria-label=\"Read more about Objetivos y finalidad de SADOL\" tabindex=\"-1\" >\n\t\t\tVer +\u00bb\t\t<\/a>\n\n\t\t\t\t<\/div>\n\t\t\t\t<\/article>\n\t\t\t\t<\/div>\n\t\t\n\t\t\t\t\t\t<\/div>\n\t\t\t\t<\/div>\n\t\t\t\t<\/div>\n\t\t<div class=\"elementor-element elementor-element-ee3cedd e-con-full e-flex e-con e-child\" data-id=\"ee3cedd\" data-element_type=\"container\">\n\t\t\t\t<\/div>\n\t\t\t\t<\/div>\n\t\t\t\t<\/div>\n\t\t","protected":false},"excerpt":{"rendered":"","protected":false},"author":1,"featured_media":0,"parent":0,"menu_order":0,"comment_status":"closed","ping_status":"closed","template":"elementor_header_footer","meta":{"footnotes":""},"class_list":["post-477","page","type-page","status-publish","hentry"],"_links":{"self":[{"href":"https:\/\/sadol.ar\/index.php\/wp-json\/wp\/v2\/pages\/477","targetHints":{"allow":["GET"]}}],"collection":[{"href":"https:\/\/sadol.ar\/index.php\/wp-json\/wp\/v2\/pages"}],"about":[{"href":"https:\/\/sadol.ar\/index.php\/wp-json\/wp\/v2\/types\/page"}],"author":[{"embeddable":true,"href":"https:\/\/sadol.ar\/index.php\/wp-json\/wp\/v2\/users\/1"}],"replies":[{"embeddable":true,"href":"https:\/\/sadol.ar\/index.php\/wp-json\/wp\/v2\/comments?post=477"}],"version-history":[{"count":7,"href":"https:\/\/sadol.ar\/index.php\/wp-json\/wp\/v2\/pages\/477\/revisions"}],"predecessor-version":[{"id":519,"href":"https:\/\/sadol.ar\/index.php\/wp-json\/wp\/v2\/pages\/477\/revisions\/519"}],"wp:attachment":[{"href":"https:\/\/sadol.ar\/index.php\/wp-json\/wp\/v2\/media?parent=477"}],"curies":[{"name":"wp","href":"https:\/\/api.w.org\/{rel}","templated":true}]}}