{"id":475,"date":"2026-03-10T19:27:42","date_gmt":"2026-03-10T19:27:42","guid":{"rendered":"https:\/\/sadol.ar\/?page_id=475"},"modified":"2026-03-10T20:17:29","modified_gmt":"2026-03-10T20:17:29","slug":"historia","status":"publish","type":"page","link":"https:\/\/sadol.ar\/index.php\/historia\/","title":{"rendered":"Historia"},"content":{"rendered":"\t\t<div data-elementor-type=\"wp-page\" data-elementor-id=\"475\" class=\"elementor elementor-475\" data-elementor-post-type=\"page\">\n\t\t\t\t<div class=\"elementor-element elementor-element-74c9b41 e-con-full e-flex e-con e-parent\" data-id=\"74c9b41\" data-element_type=\"container\">\n\t\t<div class=\"elementor-element elementor-element-ce9a74b e-con-full e-flex e-con e-child\" data-id=\"ce9a74b\" data-element_type=\"container\">\n\t\t\t\t<\/div>\n\t\t<div class=\"elementor-element elementor-element-f199371 e-con-full e-flex e-con e-child\" data-id=\"f199371\" data-element_type=\"container\">\n\t\t\t\t<div class=\"elementor-element elementor-element-45f49dc elementor-grid-1 elementor-grid-tablet-2 elementor-grid-mobile-1 elementor-posts--thumbnail-top elementor-widget elementor-widget-posts\" data-id=\"45f49dc\" data-element_type=\"widget\" data-settings=\"{&quot;classic_columns&quot;:&quot;1&quot;,&quot;classic_columns_tablet&quot;:&quot;2&quot;,&quot;classic_columns_mobile&quot;:&quot;1&quot;,&quot;classic_row_gap&quot;:{&quot;unit&quot;:&quot;px&quot;,&quot;size&quot;:35,&quot;sizes&quot;:[]},&quot;classic_row_gap_tablet&quot;:{&quot;unit&quot;:&quot;px&quot;,&quot;size&quot;:&quot;&quot;,&quot;sizes&quot;:[]},&quot;classic_row_gap_mobile&quot;:{&quot;unit&quot;:&quot;px&quot;,&quot;size&quot;:&quot;&quot;,&quot;sizes&quot;:[]}}\" data-widget_type=\"posts.classic\">\n\t\t\t\t<div class=\"elementor-widget-container\">\n\t\t\t\t\t\t\t<div class=\"elementor-posts-container elementor-posts elementor-posts--skin-classic elementor-grid\">\n\t\t\t\t<article class=\"elementor-post elementor-grid-item post-453 post type-post status-publish format-standard hentry category-historia\">\n\t\t\t\t<div class=\"elementor-post__text\">\n\t\t\t\t<h3 class=\"elementor-post__title\">\n\t\t\t<a href=\"https:\/\/sadol.ar\/index.php\/2025\/08\/23\/historia-de-sadol\/\" >\n\t\t\t\tHistoria de SADOL\t\t\t<\/a>\n\t\t<\/h3>\n\t\t\t\t<div class=\"elementor-post__excerpt\">\n\t\t\t<p>La Sociedad Argentina de Odontolog\u00eda Legal (SADOL) es una organizaci\u00f3n cient\u00edfica sin fines de lucro, que tiene como objetivo llevar a cabo actividades de trascendencia&nbsp;<\/p>\n\t\t<\/div>\n\t\t\n\t\t<a class=\"elementor-post__read-more\" href=\"https:\/\/sadol.ar\/index.php\/2025\/08\/23\/historia-de-sadol\/\" aria-label=\"Read more about Historia de SADOL\" tabindex=\"-1\" >\n\t\t\tVer + \u00bb\t\t<\/a>\n\n\t\t\t\t<\/div>\n\t\t\t\t<\/article>\n\t\t\t\t<article class=\"elementor-post elementor-grid-item post-364 post type-post status-publish format-standard hentry category-historia\">\n\t\t\t\t<div class=\"elementor-post__text\">\n\t\t\t\t<h3 class=\"elementor-post__title\">\n\t\t\t<a href=\"https:\/\/sadol.ar\/index.php\/2025\/08\/22\/historia-de-la-odontologia-legal-en-argentina\/\" >\n\t\t\t\tHistoria de la Odontolog\u00eda Legal en Argentina\t\t\t<\/a>\n\t\t<\/h3>\n\t\t\t\t<div class=\"elementor-post__excerpt\">\n\t\t\t<p>Breve Historia de la Odontolog\u00eda Legal en Argentina La ense\u00f1anza, las tesis, las publicaciones y los grandes Maestros Por Od. Esp. Oscar Heit En Argentina,<\/p>\n\t\t<\/div>\n\t\t\n\t\t<a class=\"elementor-post__read-more\" href=\"https:\/\/sadol.ar\/index.php\/2025\/08\/22\/historia-de-la-odontologia-legal-en-argentina\/\" aria-label=\"Read more about Historia de la Odontolog\u00eda Legal en Argentina\" tabindex=\"-1\" >\n\t\t\tVer + \u00bb\t\t<\/a>\n\n\t\t\t\t<\/div>\n\t\t\t\t<\/article>\n\t\t\t\t<\/div>\n\t\t\n\t\t\t\t\t\t<\/div>\n\t\t\t\t<\/div>\n\t\t\t\t<\/div>\n\t\t<div class=\"elementor-element elementor-element-115a55e e-con-full e-flex e-con e-child\" data-id=\"115a55e\" data-element_type=\"container\">\n\t\t\t\t<\/div>\n\t\t\t\t<\/div>\n\t\t\t\t<\/div>\n\t\t","protected":false},"excerpt":{"rendered":"","protected":false},"author":1,"featured_media":0,"parent":0,"menu_order":0,"comment_status":"closed","ping_status":"closed","template":"elementor_header_footer","meta":{"footnotes":""},"class_list":["post-475","page","type-page","status-publish","hentry"],"_links":{"self":[{"href":"https:\/\/sadol.ar\/index.php\/wp-json\/wp\/v2\/pages\/475","targetHints":{"allow":["GET"]}}],"collection":[{"href":"https:\/\/sadol.ar\/index.php\/wp-json\/wp\/v2\/pages"}],"about":[{"href":"https:\/\/sadol.ar\/index.php\/wp-json\/wp\/v2\/types\/page"}],"author":[{"embeddable":true,"href":"https:\/\/sadol.ar\/index.php\/wp-json\/wp\/v2\/users\/1"}],"replies":[{"embeddable":true,"href":"https:\/\/sadol.ar\/index.php\/wp-json\/wp\/v2\/comments?post=475"}],"version-history":[{"count":10,"href":"https:\/\/sadol.ar\/index.php\/wp-json\/wp\/v2\/pages\/475\/revisions"}],"predecessor-version":[{"id":513,"href":"https:\/\/sadol.ar\/index.php\/wp-json\/wp\/v2\/pages\/475\/revisions\/513"}],"wp:attachment":[{"href":"https:\/\/sadol.ar\/index.php\/wp-json\/wp\/v2\/media?parent=475"}],"curies":[{"name":"wp","href":"https:\/\/api.w.org\/{rel}","templated":true}]}}